{"id":54,"date":"2026-01-08T12:56:50","date_gmt":"2026-01-08T11:56:50","guid":{"rendered":"https:\/\/sflicker.hak-digital.at\/?page_id=54"},"modified":"2026-01-08T12:56:50","modified_gmt":"2026-01-08T11:56:50","slug":"ueber-mich","status":"publish","type":"page","link":"https:\/\/sflicker.hak-digital.at\/?page_id=54","title":{"rendered":"\u00dcber mich"},"content":{"rendered":"\n<p class=\"has-background-light-background-color has-background\" style=\"border-radius:77px\">Ich hei\u00dfe Sarah, bin 17 Jahre alt und komme aus Klein-Engersdorf in Nieder\u00f6sterreich. In meiner Freizeit verbringe ich gerne Zeit mit Freunden und h\u00f6re Musik. Ich bin eine offene, h\u00f6flicheund hilfsbereite Person.<\/p>\n\n\n\n<hr class=\"wp-block-separator has-alpha-channel-opacity\"\/>\n\n\n\n<figure class=\"wp-block-image size-full is-resized\"><img loading=\"lazy\" decoding=\"async\" width=\"487\" height=\"800\" src=\"https:\/\/sflicker.hak-digital.at\/wp-content\/uploads\/2025\/11\/Image-2.jpg\" alt=\"\" class=\"wp-image-62\" style=\"width:174px;height:auto\" srcset=\"https:\/\/sflicker.hak-digital.at\/wp-content\/uploads\/2025\/11\/Image-2.jpg 487w, https:\/\/sflicker.hak-digital.at\/wp-content\/uploads\/2025\/11\/Image-2-183x300.jpg 183w\" sizes=\"auto, (max-width: 487px) 100vw, 487px\" \/><\/figure>\n\n\n\n<p class=\"has-headings-color has-text-color has-link-color has-medium-large-font-size wp-elements-3f89bdf7c9d93b4c1d929d0af8a4fd78\"><\/p>\n\n\n\n<p><\/p>\n","protected":false},"excerpt":{"rendered":"<p>Ich hei\u00dfe Sarah, bin 17 Jahre alt und komme aus Klein-Engersdorf in Nieder\u00f6sterreich. In meiner Freizeit verbringe ich gerne Zeit mit Freunden und h\u00f6re Musik. Ich bin eine offene, h\u00f6flicheund hilfsbereite Person.<\/p>\n","protected":false},"author":1,"featured_media":0,"parent":0,"menu_order":0,"comment_status":"closed","ping_status":"closed","template":"","meta":{"footnotes":""},"class_list":["post-54","page","type-page","status-publish","hentry"],"_links":{"self":[{"href":"https:\/\/sflicker.hak-digital.at\/index.php?rest_route=\/wp\/v2\/pages\/54","targetHints":{"allow":["GET"]}}],"collection":[{"href":"https:\/\/sflicker.hak-digital.at\/index.php?rest_route=\/wp\/v2\/pages"}],"about":[{"href":"https:\/\/sflicker.hak-digital.at\/index.php?rest_route=\/wp\/v2\/types\/page"}],"author":[{"embeddable":true,"href":"https:\/\/sflicker.hak-digital.at\/index.php?rest_route=\/wp\/v2\/users\/1"}],"replies":[{"embeddable":true,"href":"https:\/\/sflicker.hak-digital.at\/index.php?rest_route=%2Fwp%2Fv2%2Fcomments&post=54"}],"version-history":[{"count":5,"href":"https:\/\/sflicker.hak-digital.at\/index.php?rest_route=\/wp\/v2\/pages\/54\/revisions"}],"predecessor-version":[{"id":107,"href":"https:\/\/sflicker.hak-digital.at\/index.php?rest_route=\/wp\/v2\/pages\/54\/revisions\/107"}],"wp:attachment":[{"href":"https:\/\/sflicker.hak-digital.at\/index.php?rest_route=%2Fwp%2Fv2%2Fmedia&parent=54"}],"curies":[{"name":"wp","href":"https:\/\/api.w.org\/{rel}","templated":true}]}}